{"id":1888,"date":"2024-03-20T23:56:30","date_gmt":"2024-03-20T22:56:30","guid":{"rendered":"https:\/\/concordeoficial.com\/travels\/?post_type=product&#038;p=1888"},"modified":"2024-04-02T18:48:14","modified_gmt":"2024-04-02T16:48:14","slug":"santa-marta-temporada-baja","status":"publish","type":"product","link":"https:\/\/concordeoficial.com\/travels\/producto\/santa-marta-temporada-baja\/","title":{"rendered":"Santa Marta Temporada Baja"},"content":{"rendered":"<p>Plan de temporada baja en Santa marta<\/p>\n<p>el plan perfecto con tarifa diferencial para ni\u00f1os y adultos, aseg\u00farate de seleccionar el hotel, tipo de tarifa y fecha en que lo requieres.<\/p>\n<ul>\n<li>Hotel 3 noches, dependiendo del que elijas<\/li>\n<li>Tiquetes a\u00e9reos<\/li>\n<li>Equipaje art\u00edculo personal 40x35x25 cm<\/li>\n<li>Traslados in &#8211; out<\/li>\n<li>Desayuno y cena en cualquiera de los hoteles disponibles<\/li>\n<li>Tour playa blanca, incluye almuerzo<\/li>\n<li>Asistencia m\u00e9dica<\/li>\n<li>Impuestos a\u00e9reos y hoteleros<\/li>\n<\/ul>\n<p>Salida puntual, no aplica para grupos, itinerario sujeto a cambios por la aerol\u00ednea, tarifa por persona en COP (pesos colombianos), | art\u00edculo personal, debe caber bajo el asiento, medidas 40x35x25, tarifa a partir de acomodaci\u00f3n doble | no incluye asignaci\u00f3n de silla | no incluye maleta en bodega | solicita las recomendaciones para este plan al momento de hacer tu reserva. Estamos comprometidos con la ley 679-2001<\/p>\n<p>&nbsp;<\/p>\n<p>Aplica TyC.<\/p>\n","protected":false},"excerpt":{"rendered":"<p>\u00a1Vuela en abril y mayo y descubre la magia del Caribe!<\/p>\n","protected":false},"featured_media":1911,"comment_status":"closed","ping_status":"closed","template":"","meta":{"_uag_custom_page_level_css":"","site-sidebar-layout":"default","site-content-layout":"","ast-site-content-layout":"default","site-content-style":"default","site-sidebar-style":"default","ast-global-header-display":"","ast-banner-title-visibility":"","ast-main-header-display":"","ast-hfb-above-header-display":"","ast-hfb-below-header-display":"","ast-hfb-mobile-header-display":"","site-post-title":"","ast-breadcrumbs-content":"","ast-featured-img":"","footer-sml-layout":"","theme-transparent-header-meta":"default","adv-header-id-meta":"","stick-header-meta":"","header-above-stick-meta":"","header-main-stick-meta":"","header-below-stick-meta":"","astra-migrate-meta-layouts":"set","ast-page-background-enabled":"default","ast-page-background-meta":{"desktop":{"background-color":"","background-image":"","background-repeat":"repeat","background-position":"center center","background-size":"auto","background-attachment":"scroll","background-type":"","background-media":"","overlay-type":"","overlay-color":"","overlay-gradient":""},"tablet":{"background-color":"","background-image":"","background-repeat":"repeat","background-position":"center center","background-size":"auto","background-attachment":"scroll","background-type":"","background-media":"","overlay-type":"","overlay-color":"","overlay-gradient":""},"mobile":{"background-color":"","background-image":"","background-repeat":"repeat","background-position":"center center","background-size":"auto","background-attachment":"scroll","background-type":"","background-media":"","overlay-type":"","overlay-color":"","overlay-gradient":""}},"ast-content-background-meta":{"desktop":{"background-color":"var(--ast-global-color-5)","background-image":"","background-repeat":"repeat","background-position":"center center","background-size":"auto","background-attachment":"scroll","background-type":"","background-media":"","overlay-type":"","overlay-color":"","overlay-gradient":""},"tablet":{"background-color":"var(--ast-global-color-5)","background-image":"","background-repeat":"repeat","background-position":"center center","background-size":"auto","background-attachment":"scroll","background-type":"","background-media":"","overlay-type":"","overlay-color":"","overlay-gradient":""},"mobile":{"background-color":"var(--ast-global-color-5)","background-image":"","background-repeat":"repeat","background-position":"center center","background-size":"auto","background-attachment":"scroll","background-type":"","background-media":"","overlay-type":"","overlay-color":"","overlay-gradient":""}}},"product_cat":[21],"product_tag":[],"uagb_featured_image_src":{"full":["https:\/\/concordeoficial.com\/travels\/wp-content\/uploads\/2024\/03\/20240324ConcordeTravelsSantaMarta.png",1080,1350,false],"thumbnail":["https:\/\/concordeoficial.com\/travels\/wp-content\/uploads\/2024\/03\/20240324ConcordeTravelsSantaMarta-150x150.png",150,150,true],"medium":["https:\/\/concordeoficial.com\/travels\/wp-content\/uploads\/2024\/03\/20240324ConcordeTravelsSantaMarta-240x300.png",240,300,true],"medium_large":["https:\/\/concordeoficial.com\/travels\/wp-content\/uploads\/2024\/03\/20240324ConcordeTravelsSantaMarta-768x960.png",768,960,true],"large":["https:\/\/concordeoficial.com\/travels\/wp-content\/uploads\/2024\/03\/20240324ConcordeTravelsSantaMarta-819x1024.png",819,1024,true],"1536x1536":["https:\/\/concordeoficial.com\/travels\/wp-content\/uploads\/2024\/03\/20240324ConcordeTravelsSantaMarta.png",1080,1350,false],"2048x2048":["https:\/\/concordeoficial.com\/travels\/wp-content\/uploads\/2024\/03\/20240324ConcordeTravelsSantaMarta.png",1080,1350,false],"woocommerce_thumbnail":["https:\/\/concordeoficial.com\/travels\/wp-content\/uploads\/2024\/03\/20240324ConcordeTravelsSantaMarta-300x300.png",300,300,true],"woocommerce_single":["https:\/\/concordeoficial.com\/travels\/wp-content\/uploads\/2024\/03\/20240324ConcordeTravelsSantaMarta-600x750.png",600,750,true],"woocommerce_gallery_thumbnail":["https:\/\/concordeoficial.com\/travels\/wp-content\/uploads\/2024\/03\/20240324ConcordeTravelsSantaMarta-100x100.png",100,100,true]},"uagb_author_info":{"display_name":"concorde.2021.s","author_link":"https:\/\/concordeoficial.com\/travels\/author\/"},"uagb_comment_info":0,"uagb_excerpt":"\u00a1Vuela en abril y mayo y descubre la magia del Caribe!","_links":{"self":[{"href":"https:\/\/concordeoficial.com\/travels\/wp-json\/wp\/v2\/product\/1888"}],"collection":[{"href":"https:\/\/concordeoficial.com\/travels\/wp-json\/wp\/v2\/product"}],"about":[{"href":"https:\/\/concordeoficial.com\/travels\/wp-json\/wp\/v2\/types\/product"}],"replies":[{"embeddable":true,"href":"https:\/\/concordeoficial.com\/travels\/wp-json\/wp\/v2\/comments?post=1888"}],"wp:featuredmedia":[{"embeddable":true,"href":"https:\/\/concordeoficial.com\/travels\/wp-json\/wp\/v2\/media\/1911"}],"wp:attachment":[{"href":"https:\/\/concordeoficial.com\/travels\/wp-json\/wp\/v2\/media?parent=1888"}],"wp:term":[{"taxonomy":"product_cat","embeddable":true,"href":"https:\/\/concordeoficial.com\/travels\/wp-json\/wp\/v2\/product_cat?post=1888"},{"taxonomy":"product_tag","embeddable":true,"href":"https:\/\/concordeoficial.com\/travels\/wp-json\/wp\/v2\/product_tag?post=1888"}],"curies":[{"name":"wp","href":"https:\/\/api.w.org\/{rel}","templated":true}]}}