{"id":2027,"date":"2024-03-22T18:14:56","date_gmt":"2024-03-22T17:14:56","guid":{"rendered":"https:\/\/concordeoficial.com\/travels\/?post_type=product&#038;p=2027"},"modified":"2024-04-04T18:46:19","modified_gmt":"2024-04-04T16:46:19","slug":"nuqui-desde-bogota","status":"publish","type":"product","link":"https:\/\/concordeoficial.com\/travels\/producto\/nuqui-desde-bogota\/","title":{"rendered":"Nuqu\u00ed desde Bogot\u00e1"},"content":{"rendered":"<table style=\"font-size: 16px; font-style: normal;\" width=\"202\">\n<tbody>\n<tr>\n<td style=\"font-weight: 400;\" width=\"202\">Tiquetes a\u00e9reos con conexi\u00f3n, articulo personal 10 kg y 15 kg bodega, alojamiento 3 noches, traslados lancha Nuqu\u00ed (La Martina Nuqu\u00ed), desayuno, almuerzos y cenas, Tour de avistamiento de ballenas, actividad ecol\u00f3gica, asistencia m\u00e9dica, impuestos a\u00e9reos y hoteleros .<\/p>\n<p>Precio por persona .<\/p>\n<p>Aplica plan separe 200.000 por persona<\/td>\n<\/tr>\n<\/tbody>\n<\/table>\n<p><span style=\"font-size: 16px;\">Tarifas puntuales |Tarifas sujetas a cambios | Itinerario sujeto a cambios a cargo de la aerol\u00ednea\u00a0 |tarifa en caba\u00f1a sujeta a disponibilidad | En caba\u00f1a premium aplica suplemento | NO incluye impuestos de entrada a Nuqui $30.000 COP , ni tarifa de ingreso a aguas termales $15.000 COP | NO incluye bebidas y alimentos no especificados | No incluye asignaci\u00f3n de silla |Aplican t\u00e9rminos y condiciones de CONCORDE TRAVELS SAS .<\/span><\/p>\n<p>\u00a1Vive la experiencia m\u00e1s asombrosa de tu vida en Nuqu\u00ed! En este para\u00edso costero, te aguarda un espect\u00e1culo natural inolvidable: el majestuoso avistamiento de ballenas. Sum\u00e9rgete en las aguas del Pac\u00edfico \u00a1Una aventura que te dejar\u00e1 sin aliento y te conectar\u00e1 con la magnificencia de la naturaleza!<\/p>\n<p>Apilcan T y C.<\/p>\n","protected":false},"excerpt":{"rendered":"<p>Aplica plan separe desde 200.000 COP , 32 d\u00edas antes tiene que estar todo pago para disfrutar de tu viaje.<\/p>\n<p>&nbsp;<\/p>\n","protected":false},"featured_media":2456,"comment_status":"open","ping_status":"closed","template":"","meta":{"_uag_custom_page_level_css":"","site-sidebar-layout":"default","site-content-layout":"","ast-site-content-layout":"default","site-content-style":"default","site-sidebar-style":"default","ast-global-header-display":"","ast-banner-title-visibility":"","ast-main-header-display":"","ast-hfb-above-header-display":"","ast-hfb-below-header-display":"","ast-hfb-mobile-header-display":"","site-post-title":"","ast-breadcrumbs-content":"","ast-featured-img":"","footer-sml-layout":"","theme-transparent-header-meta":"default","adv-header-id-meta":"","stick-header-meta":"","header-above-stick-meta":"","header-main-stick-meta":"","header-below-stick-meta":"","astra-migrate-meta-layouts":"set","ast-page-background-enabled":"default","ast-page-background-meta":{"desktop":{"background-color":"","background-image":"","background-repeat":"repeat","background-position":"center center","background-size":"auto","background-attachment":"scroll","background-type":"","background-media":"","overlay-type":"","overlay-color":"","overlay-gradient":""},"tablet":{"background-color":"","background-image":"","background-repeat":"repeat","background-position":"center center","background-size":"auto","background-attachment":"scroll","background-type":"","background-media":"","overlay-type":"","overlay-color":"","overlay-gradient":""},"mobile":{"background-color":"","background-image":"","background-repeat":"repeat","background-position":"center center","background-size":"auto","background-attachment":"scroll","background-type":"","background-media":"","overlay-type":"","overlay-color":"","overlay-gradient":""}},"ast-content-background-meta":{"desktop":{"background-color":"var(--ast-global-color-5)","background-image":"","background-repeat":"repeat","background-position":"center center","background-size":"auto","background-attachment":"scroll","background-type":"","background-media":"","overlay-type":"","overlay-color":"","overlay-gradient":""},"tablet":{"background-color":"var(--ast-global-color-5)","background-image":"","background-repeat":"repeat","background-position":"center center","background-size":"auto","background-attachment":"scroll","background-type":"","background-media":"","overlay-type":"","overlay-color":"","overlay-gradient":""},"mobile":{"background-color":"var(--ast-global-color-5)","background-image":"","background-repeat":"repeat","background-position":"center center","background-size":"auto","background-attachment":"scroll","background-type":"","background-media":"","overlay-type":"","overlay-color":"","overlay-gradient":""}}},"product_cat":[21],"product_tag":[],"uagb_featured_image_src":{"full":["https:\/\/concordeoficial.com\/travels\/wp-content\/uploads\/2024\/03\/20240421-Nuqui-scaled.jpg",2048,2560,false],"thumbnail":["https:\/\/concordeoficial.com\/travels\/wp-content\/uploads\/2024\/03\/20240421-Nuqui-150x150.jpg",150,150,true],"medium":["https:\/\/concordeoficial.com\/travels\/wp-content\/uploads\/2024\/03\/20240421-Nuqui-240x300.jpg",240,300,true],"medium_large":["https:\/\/concordeoficial.com\/travels\/wp-content\/uploads\/2024\/03\/20240421-Nuqui-768x960.jpg",768,960,true],"large":["https:\/\/concordeoficial.com\/travels\/wp-content\/uploads\/2024\/03\/20240421-Nuqui-819x1024.jpg",819,1024,true],"1536x1536":["https:\/\/concordeoficial.com\/travels\/wp-content\/uploads\/2024\/03\/20240421-Nuqui-1229x1536.jpg",1229,1536,true],"2048x2048":["https:\/\/concordeoficial.com\/travels\/wp-content\/uploads\/2024\/03\/20240421-Nuqui-1638x2048.jpg",1638,2048,true],"woocommerce_thumbnail":["https:\/\/concordeoficial.com\/travels\/wp-content\/uploads\/2024\/03\/20240421-Nuqui-300x300.jpg",300,300,true],"woocommerce_single":["https:\/\/concordeoficial.com\/travels\/wp-content\/uploads\/2024\/03\/20240421-Nuqui-600x750.jpg",600,750,true],"woocommerce_gallery_thumbnail":["https:\/\/concordeoficial.com\/travels\/wp-content\/uploads\/2024\/03\/20240421-Nuqui-100x100.jpg",100,100,true]},"uagb_author_info":{"display_name":"Mariana Cipamocha","author_link":"https:\/\/concordeoficial.com\/travels\/author\/"},"uagb_comment_info":0,"uagb_excerpt":"Aplica plan separe desde 200.000 COP , 32 d\u00edas antes tiene que estar todo pago para disfrutar de tu viaje. &nbsp;","_links":{"self":[{"href":"https:\/\/concordeoficial.com\/travels\/wp-json\/wp\/v2\/product\/2027"}],"collection":[{"href":"https:\/\/concordeoficial.com\/travels\/wp-json\/wp\/v2\/product"}],"about":[{"href":"https:\/\/concordeoficial.com\/travels\/wp-json\/wp\/v2\/types\/product"}],"replies":[{"embeddable":true,"href":"https:\/\/concordeoficial.com\/travels\/wp-json\/wp\/v2\/comments?post=2027"}],"wp:featuredmedia":[{"embeddable":true,"href":"https:\/\/concordeoficial.com\/travels\/wp-json\/wp\/v2\/media\/2456"}],"wp:attachment":[{"href":"https:\/\/concordeoficial.com\/travels\/wp-json\/wp\/v2\/media?parent=2027"}],"wp:term":[{"taxonomy":"product_cat","embeddable":true,"href":"https:\/\/concordeoficial.com\/travels\/wp-json\/wp\/v2\/product_cat?post=2027"},{"taxonomy":"product_tag","embeddable":true,"href":"https:\/\/concordeoficial.com\/travels\/wp-json\/wp\/v2\/product_tag?post=2027"}],"curies":[{"name":"wp","href":"https:\/\/api.w.org\/{rel}","templated":true}]}}