{"id":2033,"date":"2024-03-22T18:29:53","date_gmt":"2024-03-22T17:29:53","guid":{"rendered":"https:\/\/concordeoficial.com\/travels\/?post_type=product&#038;p=2033"},"modified":"2024-04-04T18:00:42","modified_gmt":"2024-04-04T16:00:42","slug":"tomorrowland-brasil","status":"publish","type":"product","link":"https:\/\/concordeoficial.com\/travels\/producto\/tomorrowland-brasil\/","title":{"rendered":"Tomorrowland Brasil"},"content":{"rendered":"<p>Sum\u00e9rgete en un mundo de \u00e9xtasis y encanto en Tomorrowland Brasil: donde los latidos electr\u00f3nicos danzan con tus emociones, los sue\u00f1os se materializan y la aventura te espera en cada esquina.<\/p>\n<p>Fecha de viaje: 10 al 14 de octubre, 5 d\u00edas 4 noches. Incluye:<\/p>\n<ul>\n<li>Alojamiento 4 noches en categor\u00eda est\u00e1ndar<\/li>\n<li>Alimentaci\u00f3n de desayuno<\/li>\n<li>Traslados aeropuerto\/hotel\/aeropuerto<\/li>\n<li>Transfer (bus) para los 3 d\u00edas de festival<\/li>\n<li>Coordinador log\u00edstico en destino<\/li>\n<li>1 ingreso categor\u00eda FULL MADNESS (permite entrada para los 3 d\u00edas)<\/li>\n<\/ul>\n<p>El precio es por persona, el hotel de hospedaje es Quality Aphaville (queda a 20 minutos del evento)<\/p>\n<p><strong>NO INCLUYE: \u00a0<\/strong>servicios y alimentaci\u00f3n no mencionados anteriormente y tiquetes a\u00e9reos<\/p>\n<p>El pago se realiza en pesos colombianos al TRM del d\u00eda en el que se realice la compra.<\/p>\n<p>Aplican TyC Concorde Travels SAS<\/p>\n<p>&nbsp;<\/p>\n","protected":false},"excerpt":{"rendered":"<p>Tu boleto hacia un universo de m\u00fasica, magia y momentos inolvidables. Taza de cambio COP<\/p>\n","protected":false},"featured_media":2439,"comment_status":"open","ping_status":"closed","template":"","meta":{"_uag_custom_page_level_css":"","site-sidebar-layout":"default","site-content-layout":"","ast-site-content-layout":"default","site-content-style":"default","site-sidebar-style":"default","ast-global-header-display":"","ast-banner-title-visibility":"","ast-main-header-display":"","ast-hfb-above-header-display":"","ast-hfb-below-header-display":"","ast-hfb-mobile-header-display":"","site-post-title":"","ast-breadcrumbs-content":"","ast-featured-img":"","footer-sml-layout":"","theme-transparent-header-meta":"default","adv-header-id-meta":"","stick-header-meta":"","header-above-stick-meta":"","header-main-stick-meta":"","header-below-stick-meta":"","astra-migrate-meta-layouts":"set","ast-page-background-enabled":"default","ast-page-background-meta":{"desktop":{"background-color":"","background-image":"","background-repeat":"repeat","background-position":"center center","background-size":"auto","background-attachment":"scroll","background-type":"","background-media":"","overlay-type":"","overlay-color":"","overlay-gradient":""},"tablet":{"background-color":"","background-image":"","background-repeat":"repeat","background-position":"center center","background-size":"auto","background-attachment":"scroll","background-type":"","background-media":"","overlay-type":"","overlay-color":"","overlay-gradient":""},"mobile":{"background-color":"","background-image":"","background-repeat":"repeat","background-position":"center center","background-size":"auto","background-attachment":"scroll","background-type":"","background-media":"","overlay-type":"","overlay-color":"","overlay-gradient":""}},"ast-content-background-meta":{"desktop":{"background-color":"var(--ast-global-color-5)","background-image":"","background-repeat":"repeat","background-position":"center center","background-size":"auto","background-attachment":"scroll","background-type":"","background-media":"","overlay-type":"","overlay-color":"","overlay-gradient":""},"tablet":{"background-color":"var(--ast-global-color-5)","background-image":"","background-repeat":"repeat","background-position":"center center","background-size":"auto","background-attachment":"scroll","background-type":"","background-media":"","overlay-type":"","overlay-color":"","overlay-gradient":""},"mobile":{"background-color":"var(--ast-global-color-5)","background-image":"","background-repeat":"repeat","background-position":"center center","background-size":"auto","background-attachment":"scroll","background-type":"","background-media":"","overlay-type":"","overlay-color":"","overlay-gradient":""}}},"product_cat":[17],"product_tag":[],"uagb_featured_image_src":{"full":["https:\/\/concordeoficial.com\/travels\/wp-content\/uploads\/2024\/03\/20240412ConcordeTravelsTOMORROWLANDBRASIL.png",1087,1354,false],"thumbnail":["https:\/\/concordeoficial.com\/travels\/wp-content\/uploads\/2024\/03\/20240412ConcordeTravelsTOMORROWLANDBRASIL-150x150.png",150,150,true],"medium":["https:\/\/concordeoficial.com\/travels\/wp-content\/uploads\/2024\/03\/20240412ConcordeTravelsTOMORROWLANDBRASIL-241x300.png",241,300,true],"medium_large":["https:\/\/concordeoficial.com\/travels\/wp-content\/uploads\/2024\/03\/20240412ConcordeTravelsTOMORROWLANDBRASIL-768x957.png",768,957,true],"large":["https:\/\/concordeoficial.com\/travels\/wp-content\/uploads\/2024\/03\/20240412ConcordeTravelsTOMORROWLANDBRASIL-822x1024.png",822,1024,true],"1536x1536":["https:\/\/concordeoficial.com\/travels\/wp-content\/uploads\/2024\/03\/20240412ConcordeTravelsTOMORROWLANDBRASIL.png",1087,1354,false],"2048x2048":["https:\/\/concordeoficial.com\/travels\/wp-content\/uploads\/2024\/03\/20240412ConcordeTravelsTOMORROWLANDBRASIL.png",1087,1354,false],"woocommerce_thumbnail":["https:\/\/concordeoficial.com\/travels\/wp-content\/uploads\/2024\/03\/20240412ConcordeTravelsTOMORROWLANDBRASIL-300x300.png",300,300,true],"woocommerce_single":["https:\/\/concordeoficial.com\/travels\/wp-content\/uploads\/2024\/03\/20240412ConcordeTravelsTOMORROWLANDBRASIL-600x747.png",600,747,true],"woocommerce_gallery_thumbnail":["https:\/\/concordeoficial.com\/travels\/wp-content\/uploads\/2024\/03\/20240412ConcordeTravelsTOMORROWLANDBRASIL-100x100.png",100,100,true]},"uagb_author_info":{"display_name":"Mariana Cipamocha","author_link":"https:\/\/concordeoficial.com\/travels\/author\/"},"uagb_comment_info":0,"uagb_excerpt":"Tu boleto hacia un universo de m\u00fasica, magia y momentos inolvidables. Taza de cambio COP","_links":{"self":[{"href":"https:\/\/concordeoficial.com\/travels\/wp-json\/wp\/v2\/product\/2033"}],"collection":[{"href":"https:\/\/concordeoficial.com\/travels\/wp-json\/wp\/v2\/product"}],"about":[{"href":"https:\/\/concordeoficial.com\/travels\/wp-json\/wp\/v2\/types\/product"}],"replies":[{"embeddable":true,"href":"https:\/\/concordeoficial.com\/travels\/wp-json\/wp\/v2\/comments?post=2033"}],"wp:featuredmedia":[{"embeddable":true,"href":"https:\/\/concordeoficial.com\/travels\/wp-json\/wp\/v2\/media\/2439"}],"wp:attachment":[{"href":"https:\/\/concordeoficial.com\/travels\/wp-json\/wp\/v2\/media?parent=2033"}],"wp:term":[{"taxonomy":"product_cat","embeddable":true,"href":"https:\/\/concordeoficial.com\/travels\/wp-json\/wp\/v2\/product_cat?post=2033"},{"taxonomy":"product_tag","embeddable":true,"href":"https:\/\/concordeoficial.com\/travels\/wp-json\/wp\/v2\/product_tag?post=2033"}],"curies":[{"name":"wp","href":"https:\/\/api.w.org\/{rel}","templated":true}]}}