{"id":2039,"date":"2024-03-25T00:55:18","date_gmt":"2024-03-24T23:55:18","guid":{"rendered":"https:\/\/concordeoficial.com\/travels\/?post_type=product&#038;p=2039"},"modified":"2024-04-04T18:20:05","modified_gmt":"2024-04-04T16:20:05","slug":"la-guajira","status":"publish","type":"product","link":"https:\/\/concordeoficial.com\/travels\/producto\/la-guajira\/","title":{"rendered":"LA GUAJIRA SALIDA DESDE MEDELLIN O BOGOTA"},"content":{"rendered":"<table width=\"202\">\n<tbody>\n<tr>\n<td style=\"font-weight: 400;\" width=\"202\">Tiquete a\u00e9reo, alojamiento 4 noches, alimentaci\u00f3n todo incluido, traslado aero-hotel ( viceversa)<\/p>\n<p>Hotel WAYIRA BEACH<\/td>\n<\/tr>\n<\/tbody>\n<\/table>\n<p>NO INCLUYE :\u00a0 Tour , impuesto de saneamiento ambiental ( pago en destino ) gastos no especificados en la tarifa , sujetos a disponibilidad .<\/p>\n<p>La Guajira es un destino tur\u00edstico \u00fanico en Colombia que cautiva con su belleza natural y su rica cultura ind\u00edgena. Ubicada en el extremo norte del pa\u00eds, esta regi\u00f3n ofrece una experiencia incomparable para los viajeros que buscan aventura y autenticidad.<\/p>\n<p>NO aplica para viajar Octubre 04-14 de 2024 , Abril\u00a0 al 11 al 18 2025 , Octubre 03 al 13 2025 y ning\u00fan festivo del 2024 y 2025 .<\/p>\n<p>Aplican TyC.<\/p>\n","protected":false},"excerpt":{"rendered":"<p>Hotel Wayira Beach Rancher\u00eda, 5 d\u00edas 4 noches<\/p>\n<p>&nbsp;<\/p>\n","protected":false},"featured_media":2446,"comment_status":"open","ping_status":"closed","template":"","meta":{"_uag_custom_page_level_css":"","site-sidebar-layout":"default","site-content-layout":"","ast-site-content-layout":"default","site-content-style":"default","site-sidebar-style":"default","ast-global-header-display":"","ast-banner-title-visibility":"","ast-main-header-display":"","ast-hfb-above-header-display":"","ast-hfb-below-header-display":"","ast-hfb-mobile-header-display":"","site-post-title":"","ast-breadcrumbs-content":"","ast-featured-img":"","footer-sml-layout":"","theme-transparent-header-meta":"default","adv-header-id-meta":"","stick-header-meta":"","header-above-stick-meta":"","header-main-stick-meta":"","header-below-stick-meta":"","astra-migrate-meta-layouts":"set","ast-page-background-enabled":"default","ast-page-background-meta":{"desktop":{"background-color":"","background-image":"","background-repeat":"repeat","background-position":"center center","background-size":"auto","background-attachment":"scroll","background-type":"","background-media":"","overlay-type":"","overlay-color":"","overlay-gradient":""},"tablet":{"background-color":"","background-image":"","background-repeat":"repeat","background-position":"center center","background-size":"auto","background-attachment":"scroll","background-type":"","background-media":"","overlay-type":"","overlay-color":"","overlay-gradient":""},"mobile":{"background-color":"","background-image":"","background-repeat":"repeat","background-position":"center center","background-size":"auto","background-attachment":"scroll","background-type":"","background-media":"","overlay-type":"","overlay-color":"","overlay-gradient":""}},"ast-content-background-meta":{"desktop":{"background-color":"var(--ast-global-color-5)","background-image":"","background-repeat":"repeat","background-position":"center center","background-size":"auto","background-attachment":"scroll","background-type":"","background-media":"","overlay-type":"","overlay-color":"","overlay-gradient":""},"tablet":{"background-color":"var(--ast-global-color-5)","background-image":"","background-repeat":"repeat","background-position":"center center","background-size":"auto","background-attachment":"scroll","background-type":"","background-media":"","overlay-type":"","overlay-color":"","overlay-gradient":""},"mobile":{"background-color":"var(--ast-global-color-5)","background-image":"","background-repeat":"repeat","background-position":"center center","background-size":"auto","background-attachment":"scroll","background-type":"","background-media":"","overlay-type":"","overlay-color":"","overlay-gradient":""}}},"product_cat":[21],"product_tag":[29],"uagb_featured_image_src":{"full":["https:\/\/concordeoficial.com\/travels\/wp-content\/uploads\/2024\/03\/20240416-Guajira-scaled.jpg",2048,2560,false],"thumbnail":["https:\/\/concordeoficial.com\/travels\/wp-content\/uploads\/2024\/03\/20240416-Guajira-150x150.jpg",150,150,true],"medium":["https:\/\/concordeoficial.com\/travels\/wp-content\/uploads\/2024\/03\/20240416-Guajira-240x300.jpg",240,300,true],"medium_large":["https:\/\/concordeoficial.com\/travels\/wp-content\/uploads\/2024\/03\/20240416-Guajira-768x960.jpg",768,960,true],"large":["https:\/\/concordeoficial.com\/travels\/wp-content\/uploads\/2024\/03\/20240416-Guajira-819x1024.jpg",819,1024,true],"1536x1536":["https:\/\/concordeoficial.com\/travels\/wp-content\/uploads\/2024\/03\/20240416-Guajira-1229x1536.jpg",1229,1536,true],"2048x2048":["https:\/\/concordeoficial.com\/travels\/wp-content\/uploads\/2024\/03\/20240416-Guajira-1638x2048.jpg",1638,2048,true],"woocommerce_thumbnail":["https:\/\/concordeoficial.com\/travels\/wp-content\/uploads\/2024\/03\/20240416-Guajira-300x300.jpg",300,300,true],"woocommerce_single":["https:\/\/concordeoficial.com\/travels\/wp-content\/uploads\/2024\/03\/20240416-Guajira-600x750.jpg",600,750,true],"woocommerce_gallery_thumbnail":["https:\/\/concordeoficial.com\/travels\/wp-content\/uploads\/2024\/03\/20240416-Guajira-100x100.jpg",100,100,true]},"uagb_author_info":{"display_name":"Mariana Cipamocha","author_link":"https:\/\/concordeoficial.com\/travels\/author\/"},"uagb_comment_info":0,"uagb_excerpt":"Hotel Wayira Beach Rancher\u00eda, 5 d\u00edas 4 noches &nbsp;","_links":{"self":[{"href":"https:\/\/concordeoficial.com\/travels\/wp-json\/wp\/v2\/product\/2039"}],"collection":[{"href":"https:\/\/concordeoficial.com\/travels\/wp-json\/wp\/v2\/product"}],"about":[{"href":"https:\/\/concordeoficial.com\/travels\/wp-json\/wp\/v2\/types\/product"}],"replies":[{"embeddable":true,"href":"https:\/\/concordeoficial.com\/travels\/wp-json\/wp\/v2\/comments?post=2039"}],"wp:featuredmedia":[{"embeddable":true,"href":"https:\/\/concordeoficial.com\/travels\/wp-json\/wp\/v2\/media\/2446"}],"wp:attachment":[{"href":"https:\/\/concordeoficial.com\/travels\/wp-json\/wp\/v2\/media?parent=2039"}],"wp:term":[{"taxonomy":"product_cat","embeddable":true,"href":"https:\/\/concordeoficial.com\/travels\/wp-json\/wp\/v2\/product_cat?post=2039"},{"taxonomy":"product_tag","embeddable":true,"href":"https:\/\/concordeoficial.com\/travels\/wp-json\/wp\/v2\/product_tag?post=2039"}],"curies":[{"name":"wp","href":"https:\/\/api.w.org\/{rel}","templated":true}]}}