{"id":2126,"date":"2024-03-29T04:57:35","date_gmt":"2024-03-29T03:57:35","guid":{"rendered":"https:\/\/concordeoficial.com\/travels\/?post_type=product&#038;p=2126"},"modified":"2025-06-10T16:45:24","modified_gmt":"2025-06-10T14:45:24","slug":"santa-marta","status":"publish","type":"product","link":"https:\/\/concordeoficial.com\/travels\/producto\/santa-marta\/","title":{"rendered":"Santa Marta"},"content":{"rendered":"<p>Explora Santa Marta, un para\u00edso costero en la costa norte de Colombia. Con su mezcla de playas de ensue\u00f1o, monta\u00f1as imponentes y una rica historia, ofreci\u00e9ndote una experiencia inolvidable.<\/p>\n<p>El plan incluye:<\/p>\n<ul>\n<li>Tiquetes a\u00e9reos<\/li>\n<li>Art\u00edculo personal 40x35x20<\/li>\n<li>Alojamiento 3 noches<\/li>\n<li>Traslados in-out<\/li>\n<li>Desayuno y cena<\/li>\n<li>Tour Playa Blanca (Incluye almuerzo)<\/li>\n<li>Asistencia m\u00e9dica<\/li>\n<li>Impuestos a\u00e9reos y hoteleros<\/li>\n<\/ul>\n<p>Salidas puntuales, tarifas no reembolsables, tarifa a partir de acomodaci\u00f3n doble.<\/p>\n<p>Aplican TYC Concorde Travels S.A.S<\/p>\n","protected":false},"excerpt":{"rendered":"<p>18 opciones de hotel, 4 d\u00edas 3 noches<\/p>\n","protected":false},"featured_media":2449,"comment_status":"open","ping_status":"closed","template":"","meta":{"_uag_custom_page_level_css":"","site-sidebar-layout":"default","site-content-layout":"","ast-site-content-layout":"default","site-content-style":"default","site-sidebar-style":"default","ast-global-header-display":"","ast-banner-title-visibility":"","ast-main-header-display":"","ast-hfb-above-header-display":"","ast-hfb-below-header-display":"","ast-hfb-mobile-header-display":"","site-post-title":"","ast-breadcrumbs-content":"","ast-featured-img":"","footer-sml-layout":"","theme-transparent-header-meta":"default","adv-header-id-meta":"","stick-header-meta":"","header-above-stick-meta":"","header-main-stick-meta":"","header-below-stick-meta":"","astra-migrate-meta-layouts":"set","ast-page-background-enabled":"default","ast-page-background-meta":{"desktop":{"background-color":"","background-image":"","background-repeat":"repeat","background-position":"center center","background-size":"auto","background-attachment":"scroll","background-type":"","background-media":"","overlay-type":"","overlay-color":"","overlay-gradient":""},"tablet":{"background-color":"","background-image":"","background-repeat":"repeat","background-position":"center center","background-size":"auto","background-attachment":"scroll","background-type":"","background-media":"","overlay-type":"","overlay-color":"","overlay-gradient":""},"mobile":{"background-color":"","background-image":"","background-repeat":"repeat","background-position":"center center","background-size":"auto","background-attachment":"scroll","background-type":"","background-media":"","overlay-type":"","overlay-color":"","overlay-gradient":""}},"ast-content-background-meta":{"desktop":{"background-color":"var(--ast-global-color-5)","background-image":"","background-repeat":"repeat","background-position":"center center","background-size":"auto","background-attachment":"scroll","background-type":"","background-media":"","overlay-type":"","overlay-color":"","overlay-gradient":""},"tablet":{"background-color":"var(--ast-global-color-5)","background-image":"","background-repeat":"repeat","background-position":"center center","background-size":"auto","background-attachment":"scroll","background-type":"","background-media":"","overlay-type":"","overlay-color":"","overlay-gradient":""},"mobile":{"background-color":"var(--ast-global-color-5)","background-image":"","background-repeat":"repeat","background-position":"center center","background-size":"auto","background-attachment":"scroll","background-type":"","background-media":"","overlay-type":"","overlay-color":"","overlay-gradient":""}}},"product_cat":[21],"product_tag":[],"uagb_featured_image_src":{"full":["https:\/\/concordeoficial.com\/travels\/wp-content\/uploads\/2024\/03\/20240418-SantaMarta-scaled.jpg",2048,2560,false],"thumbnail":["https:\/\/concordeoficial.com\/travels\/wp-content\/uploads\/2024\/03\/20240418-SantaMarta-150x150.jpg",150,150,true],"medium":["https:\/\/concordeoficial.com\/travels\/wp-content\/uploads\/2024\/03\/20240418-SantaMarta-240x300.jpg",240,300,true],"medium_large":["https:\/\/concordeoficial.com\/travels\/wp-content\/uploads\/2024\/03\/20240418-SantaMarta-768x960.jpg",768,960,true],"large":["https:\/\/concordeoficial.com\/travels\/wp-content\/uploads\/2024\/03\/20240418-SantaMarta-819x1024.jpg",819,1024,true],"1536x1536":["https:\/\/concordeoficial.com\/travels\/wp-content\/uploads\/2024\/03\/20240418-SantaMarta-1229x1536.jpg",1229,1536,true],"2048x2048":["https:\/\/concordeoficial.com\/travels\/wp-content\/uploads\/2024\/03\/20240418-SantaMarta-1638x2048.jpg",1638,2048,true],"woocommerce_thumbnail":["https:\/\/concordeoficial.com\/travels\/wp-content\/uploads\/2024\/03\/20240418-SantaMarta-300x300.jpg",300,300,true],"woocommerce_single":["https:\/\/concordeoficial.com\/travels\/wp-content\/uploads\/2024\/03\/20240418-SantaMarta-600x750.jpg",600,750,true],"woocommerce_gallery_thumbnail":["https:\/\/concordeoficial.com\/travels\/wp-content\/uploads\/2024\/03\/20240418-SantaMarta-100x100.jpg",100,100,true]},"uagb_author_info":{"display_name":"Mariana Cipamocha","author_link":"https:\/\/concordeoficial.com\/travels\/author\/"},"uagb_comment_info":2,"uagb_excerpt":"18 opciones de hotel, 4 d\u00edas 3 noches","_links":{"self":[{"href":"https:\/\/concordeoficial.com\/travels\/wp-json\/wp\/v2\/product\/2126"}],"collection":[{"href":"https:\/\/concordeoficial.com\/travels\/wp-json\/wp\/v2\/product"}],"about":[{"href":"https:\/\/concordeoficial.com\/travels\/wp-json\/wp\/v2\/types\/product"}],"replies":[{"embeddable":true,"href":"https:\/\/concordeoficial.com\/travels\/wp-json\/wp\/v2\/comments?post=2126"}],"wp:featuredmedia":[{"embeddable":true,"href":"https:\/\/concordeoficial.com\/travels\/wp-json\/wp\/v2\/media\/2449"}],"wp:attachment":[{"href":"https:\/\/concordeoficial.com\/travels\/wp-json\/wp\/v2\/media?parent=2126"}],"wp:term":[{"taxonomy":"product_cat","embeddable":true,"href":"https:\/\/concordeoficial.com\/travels\/wp-json\/wp\/v2\/product_cat?post=2126"},{"taxonomy":"product_tag","embeddable":true,"href":"https:\/\/concordeoficial.com\/travels\/wp-json\/wp\/v2\/product_tag?post=2126"}],"curies":[{"name":"wp","href":"https:\/\/api.w.org\/{rel}","templated":true}]}}