{"id":2162,"date":"2024-03-29T05:10:02","date_gmt":"2024-03-29T04:10:02","guid":{"rendered":"https:\/\/concordeoficial.com\/travels\/?post_type=product&#038;p=2162"},"modified":"2024-04-04T16:45:06","modified_gmt":"2024-04-04T14:45:06","slug":"santa-marta-desde-bogota","status":"publish","type":"product","link":"https:\/\/concordeoficial.com\/travels\/producto\/santa-marta-desde-bogota\/","title":{"rendered":"Santa Marta desde Bogot\u00e1"},"content":{"rendered":"<p>D\u00e9jate seducir por la belleza natural, sum\u00e9rgete en las aguas turquesas del Caribe y explora antiguas ruinas ind\u00edgenas. Con su encanto caribe\u00f1o y su ambiente relajado, Santa Marta te invita a descubrir la aut\u00e9ntica esencia de la costa colombiana.<\/p>\n<p>El plan incluye:<\/p>\n<ul>\n<li>Tiquetes a\u00e9reos<\/li>\n<li>Art\u00edculo personal 40x35x20<\/li>\n<li>Alojamiento 3 noches<\/li>\n<li>Traslados in-out<\/li>\n<li>Desayuno y cena<\/li>\n<li>Tour Playa Blanca (Incluye almuerzo)<\/li>\n<li>Asistencia m\u00e9dica<\/li>\n<li>Impuestos a\u00e9reos y hoteleros<\/li>\n<\/ul>\n<p>Salidas puntuales, tarifas no reembolsables, tarifa a partir de acomodaci\u00f3n doble.<\/p>\n<p>Aplican TYC Concorde Travels S.A.S<\/p>\n","protected":false},"excerpt":{"rendered":"<p>Sanha Plus, 4 d\u00edas 3 noches<\/p>\n","protected":false},"featured_media":2413,"comment_status":"open","ping_status":"closed","template":"","meta":{"_uag_custom_page_level_css":"","site-sidebar-layout":"default","site-content-layout":"","ast-site-content-layout":"default","site-content-style":"default","site-sidebar-style":"default","ast-global-header-display":"","ast-banner-title-visibility":"","ast-main-header-display":"","ast-hfb-above-header-display":"","ast-hfb-below-header-display":"","ast-hfb-mobile-header-display":"","site-post-title":"","ast-breadcrumbs-content":"","ast-featured-img":"","footer-sml-layout":"","theme-transparent-header-meta":"default","adv-header-id-meta":"","stick-header-meta":"","header-above-stick-meta":"","header-main-stick-meta":"","header-below-stick-meta":"","astra-migrate-meta-layouts":"set","ast-page-background-enabled":"default","ast-page-background-meta":{"desktop":{"background-color":"","background-image":"","background-repeat":"repeat","background-position":"center center","background-size":"auto","background-attachment":"scroll","background-type":"","background-media":"","overlay-type":"","overlay-color":"","overlay-gradient":""},"tablet":{"background-color":"","background-image":"","background-repeat":"repeat","background-position":"center center","background-size":"auto","background-attachment":"scroll","background-type":"","background-media":"","overlay-type":"","overlay-color":"","overlay-gradient":""},"mobile":{"background-color":"","background-image":"","background-repeat":"repeat","background-position":"center center","background-size":"auto","background-attachment":"scroll","background-type":"","background-media":"","overlay-type":"","overlay-color":"","overlay-gradient":""}},"ast-content-background-meta":{"desktop":{"background-color":"var(--ast-global-color-5)","background-image":"","background-repeat":"repeat","background-position":"center center","background-size":"auto","background-attachment":"scroll","background-type":"","background-media":"","overlay-type":"","overlay-color":"","overlay-gradient":""},"tablet":{"background-color":"var(--ast-global-color-5)","background-image":"","background-repeat":"repeat","background-position":"center center","background-size":"auto","background-attachment":"scroll","background-type":"","background-media":"","overlay-type":"","overlay-color":"","overlay-gradient":""},"mobile":{"background-color":"var(--ast-global-color-5)","background-image":"","background-repeat":"repeat","background-position":"center center","background-size":"auto","background-attachment":"scroll","background-type":"","background-media":"","overlay-type":"","overlay-color":"","overlay-gradient":""}}},"product_cat":[21],"product_tag":[],"uagb_featured_image_src":{"full":["https:\/\/concordeoficial.com\/travels\/wp-content\/uploads\/2024\/03\/20240406ConcordeTravelsSantaMartha.png",1086,1353,false],"thumbnail":["https:\/\/concordeoficial.com\/travels\/wp-content\/uploads\/2024\/03\/20240406ConcordeTravelsSantaMartha-150x150.png",150,150,true],"medium":["https:\/\/concordeoficial.com\/travels\/wp-content\/uploads\/2024\/03\/20240406ConcordeTravelsSantaMartha-241x300.png",241,300,true],"medium_large":["https:\/\/concordeoficial.com\/travels\/wp-content\/uploads\/2024\/03\/20240406ConcordeTravelsSantaMartha-768x957.png",768,957,true],"large":["https:\/\/concordeoficial.com\/travels\/wp-content\/uploads\/2024\/03\/20240406ConcordeTravelsSantaMartha-822x1024.png",822,1024,true],"1536x1536":["https:\/\/concordeoficial.com\/travels\/wp-content\/uploads\/2024\/03\/20240406ConcordeTravelsSantaMartha.png",1086,1353,false],"2048x2048":["https:\/\/concordeoficial.com\/travels\/wp-content\/uploads\/2024\/03\/20240406ConcordeTravelsSantaMartha.png",1086,1353,false],"woocommerce_thumbnail":["https:\/\/concordeoficial.com\/travels\/wp-content\/uploads\/2024\/03\/20240406ConcordeTravelsSantaMartha-300x300.png",300,300,true],"woocommerce_single":["https:\/\/concordeoficial.com\/travels\/wp-content\/uploads\/2024\/03\/20240406ConcordeTravelsSantaMartha-600x748.png",600,748,true],"woocommerce_gallery_thumbnail":["https:\/\/concordeoficial.com\/travels\/wp-content\/uploads\/2024\/03\/20240406ConcordeTravelsSantaMartha-100x100.png",100,100,true]},"uagb_author_info":{"display_name":"Mariana Cipamocha","author_link":"https:\/\/concordeoficial.com\/travels\/author\/"},"uagb_comment_info":0,"uagb_excerpt":"Sanha Plus, 4 d\u00edas 3 noches","_links":{"self":[{"href":"https:\/\/concordeoficial.com\/travels\/wp-json\/wp\/v2\/product\/2162"}],"collection":[{"href":"https:\/\/concordeoficial.com\/travels\/wp-json\/wp\/v2\/product"}],"about":[{"href":"https:\/\/concordeoficial.com\/travels\/wp-json\/wp\/v2\/types\/product"}],"replies":[{"embeddable":true,"href":"https:\/\/concordeoficial.com\/travels\/wp-json\/wp\/v2\/comments?post=2162"}],"wp:featuredmedia":[{"embeddable":true,"href":"https:\/\/concordeoficial.com\/travels\/wp-json\/wp\/v2\/media\/2413"}],"wp:attachment":[{"href":"https:\/\/concordeoficial.com\/travels\/wp-json\/wp\/v2\/media?parent=2162"}],"wp:term":[{"taxonomy":"product_cat","embeddable":true,"href":"https:\/\/concordeoficial.com\/travels\/wp-json\/wp\/v2\/product_cat?post=2162"},{"taxonomy":"product_tag","embeddable":true,"href":"https:\/\/concordeoficial.com\/travels\/wp-json\/wp\/v2\/product_tag?post=2162"}],"curies":[{"name":"wp","href":"https:\/\/api.w.org\/{rel}","templated":true}]}}