{"id":2206,"date":"2024-03-29T16:04:02","date_gmt":"2024-03-29T15:04:02","guid":{"rendered":"https:\/\/concordeoficial.com\/travels\/?post_type=product&#038;p=2206"},"modified":"2024-04-04T18:13:01","modified_gmt":"2024-04-04T16:13:01","slug":"turquia-y-dubai-temporada-de-verano","status":"publish","type":"product","link":"https:\/\/concordeoficial.com\/travels\/producto\/turquia-y-dubai-temporada-de-verano\/","title":{"rendered":"Turquia y Dubai, Temporada de verano"},"content":{"rendered":"<p>Emb\u00e1rcate en un viaje fascinante a trav\u00e9s de Turqu\u00eda y Dubai, donde el pasado y el presente se entrelazan para crear una experiencia inolvidable.<\/p>\n<p>PLUS DEL PAQUETE<\/p>\n<ul>\n<li style=\"list-style-type: none;\">\n<ul>\n<li>\u00a0Crucero en DHOW con cena en Dubai (Tour completo por la ciudad de Abu Dhabi con almuerzo, vista de la mezquita de Jumeirah, Dubai Moderno)<\/li>\n<li>Tarifa especial para paseo en globo (OPCIONAL)- Impuestos hoteleros en Turqu\u00eda, tasa de dirham de turismo incluida.<\/li>\n<\/ul>\n<\/li>\n<\/ul>\n<p>15 d\u00edas, 13 noches, en hoteles categor\u00eda 4 estrellas; salidas garantizadas. El recorrido es por Estambul, Ankara, Capadocia, Pamukkale, Efeso, Esmirna, O Kusadasi, Bursa, Dubai y Abu Dhabi.\u00a0 Incluye:<\/p>\n<ul>\n<li>Tiquetes a\u00e9reos Bogot\u00e1-Estambul\/Dubai- Bogot\u00e1<\/li>\n<li>Equipaje de bodega (2 piezas, 23 kg cada una)<\/li>\n<li>Alojamiento (13 noches, 9 en Turqu\u00eda y 4 en Dubai)<\/li>\n<li>Alimentaci\u00f3n (13 desayunos, 7 almuerzos, 8 cenas)<\/li>\n<li>Visitas indicadas en el itinerario con gu\u00eda<\/li>\n<li>Tarjeta de asistencia m\u00e9dica ( aplica suplemento del 50% para mayores de 75 a\u00f1os)<\/li>\n<\/ul>\n<p>Tarifa por persona en acomodaci\u00f3n doble o triple.<\/p>\n<p><strong>NO INCLUYE: \u00a0<\/strong>servicios y alimentaci\u00f3n no mencionados anteriormente, excursiones opcionales, gastos personales, equipaje extra, propinas del gu\u00eda y chofer en Turqu\u00eda y Dubai, por persona aprox 20-50 USD.<\/p>\n<p>El pago se realiza en pesos colombianos al TRM del d\u00eda en el que se realice la compra; el precio es el aproximado, esta sujeto al TMR.<\/p>\n<p>Aplican TYC Concorde Travels S.A.S<\/p>\n","protected":false},"excerpt":{"rendered":"<p>\u00a115 d\u00edas de experiencias inolvidables en temporada de verano! Taza de cambio en COP<\/p>\n","protected":false},"featured_media":2443,"comment_status":"open","ping_status":"closed","template":"","meta":{"_uag_custom_page_level_css":"","site-sidebar-layout":"default","site-content-layout":"","ast-site-content-layout":"default","site-content-style":"default","site-sidebar-style":"default","ast-global-header-display":"","ast-banner-title-visibility":"","ast-main-header-display":"","ast-hfb-above-header-display":"","ast-hfb-below-header-display":"","ast-hfb-mobile-header-display":"","site-post-title":"","ast-breadcrumbs-content":"","ast-featured-img":"","footer-sml-layout":"","theme-transparent-header-meta":"default","adv-header-id-meta":"","stick-header-meta":"","header-above-stick-meta":"","header-main-stick-meta":"","header-below-stick-meta":"","astra-migrate-meta-layouts":"set","ast-page-background-enabled":"default","ast-page-background-meta":{"desktop":{"background-color":"","background-image":"","background-repeat":"repeat","background-position":"center center","background-size":"auto","background-attachment":"scroll","background-type":"","background-media":"","overlay-type":"","overlay-color":"","overlay-gradient":""},"tablet":{"background-color":"","background-image":"","background-repeat":"repeat","background-position":"center center","background-size":"auto","background-attachment":"scroll","background-type":"","background-media":"","overlay-type":"","overlay-color":"","overlay-gradient":""},"mobile":{"background-color":"","background-image":"","background-repeat":"repeat","background-position":"center center","background-size":"auto","background-attachment":"scroll","background-type":"","background-media":"","overlay-type":"","overlay-color":"","overlay-gradient":""}},"ast-content-background-meta":{"desktop":{"background-color":"var(--ast-global-color-5)","background-image":"","background-repeat":"repeat","background-position":"center center","background-size":"auto","background-attachment":"scroll","background-type":"","background-media":"","overlay-type":"","overlay-color":"","overlay-gradient":""},"tablet":{"background-color":"var(--ast-global-color-5)","background-image":"","background-repeat":"repeat","background-position":"center center","background-size":"auto","background-attachment":"scroll","background-type":"","background-media":"","overlay-type":"","overlay-color":"","overlay-gradient":""},"mobile":{"background-color":"var(--ast-global-color-5)","background-image":"","background-repeat":"repeat","background-position":"center center","background-size":"auto","background-attachment":"scroll","background-type":"","background-media":"","overlay-type":"","overlay-color":"","overlay-gradient":""}}},"product_cat":[17],"product_tag":[],"uagb_featured_image_src":{"full":["https:\/\/concordeoficial.com\/travels\/wp-content\/uploads\/2024\/03\/20240411ConcordeTravelsTurquiaDubai.png",1086,1350,false],"thumbnail":["https:\/\/concordeoficial.com\/travels\/wp-content\/uploads\/2024\/03\/20240411ConcordeTravelsTurquiaDubai-150x150.png",150,150,true],"medium":["https:\/\/concordeoficial.com\/travels\/wp-content\/uploads\/2024\/03\/20240411ConcordeTravelsTurquiaDubai-241x300.png",241,300,true],"medium_large":["https:\/\/concordeoficial.com\/travels\/wp-content\/uploads\/2024\/03\/20240411ConcordeTravelsTurquiaDubai-768x955.png",768,955,true],"large":["https:\/\/concordeoficial.com\/travels\/wp-content\/uploads\/2024\/03\/20240411ConcordeTravelsTurquiaDubai-824x1024.png",824,1024,true],"1536x1536":["https:\/\/concordeoficial.com\/travels\/wp-content\/uploads\/2024\/03\/20240411ConcordeTravelsTurquiaDubai.png",1086,1350,false],"2048x2048":["https:\/\/concordeoficial.com\/travels\/wp-content\/uploads\/2024\/03\/20240411ConcordeTravelsTurquiaDubai.png",1086,1350,false],"woocommerce_thumbnail":["https:\/\/concordeoficial.com\/travels\/wp-content\/uploads\/2024\/03\/20240411ConcordeTravelsTurquiaDubai-300x300.png",300,300,true],"woocommerce_single":["https:\/\/concordeoficial.com\/travels\/wp-content\/uploads\/2024\/03\/20240411ConcordeTravelsTurquiaDubai-600x746.png",600,746,true],"woocommerce_gallery_thumbnail":["https:\/\/concordeoficial.com\/travels\/wp-content\/uploads\/2024\/03\/20240411ConcordeTravelsTurquiaDubai-100x100.png",100,100,true]},"uagb_author_info":{"display_name":"Mariana Cipamocha","author_link":"https:\/\/concordeoficial.com\/travels\/author\/"},"uagb_comment_info":0,"uagb_excerpt":"\u00a115 d\u00edas de experiencias inolvidables en temporada de verano! Taza de cambio en COP","_links":{"self":[{"href":"https:\/\/concordeoficial.com\/travels\/wp-json\/wp\/v2\/product\/2206"}],"collection":[{"href":"https:\/\/concordeoficial.com\/travels\/wp-json\/wp\/v2\/product"}],"about":[{"href":"https:\/\/concordeoficial.com\/travels\/wp-json\/wp\/v2\/types\/product"}],"replies":[{"embeddable":true,"href":"https:\/\/concordeoficial.com\/travels\/wp-json\/wp\/v2\/comments?post=2206"}],"wp:featuredmedia":[{"embeddable":true,"href":"https:\/\/concordeoficial.com\/travels\/wp-json\/wp\/v2\/media\/2443"}],"wp:attachment":[{"href":"https:\/\/concordeoficial.com\/travels\/wp-json\/wp\/v2\/media?parent=2206"}],"wp:term":[{"taxonomy":"product_cat","embeddable":true,"href":"https:\/\/concordeoficial.com\/travels\/wp-json\/wp\/v2\/product_cat?post=2206"},{"taxonomy":"product_tag","embeddable":true,"href":"https:\/\/concordeoficial.com\/travels\/wp-json\/wp\/v2\/product_tag?post=2206"}],"curies":[{"name":"wp","href":"https:\/\/api.w.org\/{rel}","templated":true}]}}