{"id":2283,"date":"2024-03-29T18:07:56","date_gmt":"2024-03-29T17:07:56","guid":{"rendered":"https:\/\/concordeoficial.com\/travels\/?post_type=product&#038;p=2283"},"modified":"2024-04-04T16:34:43","modified_gmt":"2024-04-04T14:34:43","slug":"panama-desde-bogota","status":"publish","type":"product","link":"https:\/\/concordeoficial.com\/travels\/producto\/panama-desde-bogota\/","title":{"rendered":"Panam\u00e1 desde Bogot\u00e1"},"content":{"rendered":"<p>Descubre Panam\u00e1, donde el encanto del tr\u00f3pico se encuentra con la modernidad cosmopolita. Desde el ic\u00f3nico Canal de Panam\u00e1 hasta las playas de arena blanca de Bocas del Toro, este pa\u00eds te cautivar\u00e1 con su diversidad y belleza natural. Sum\u00e9rgete en la cultura, la historia y la naturaleza de Panam\u00e1 para una experiencia inolvidable en el coraz\u00f3n de Centroam\u00e9rica.<\/p>\n<p>Salidas garantizadas. Incluye:<\/p>\n<ul>\n<li>Tiquete a\u00e9reo<\/li>\n<li>Maleta 20 kilos<\/li>\n<li>Alojamiento 4 noches ( 3 playa-1 ciudad)<\/li>\n<li>Alimentaci\u00f3n playa: todo incluido; ciudad: desayuno<\/li>\n<li>Traslados Aero-hotel- aero (Compartido)<\/li>\n<li>Tarjeta de asistencia m\u00e9dica menores de 69 a\u00f1os<\/li>\n<\/ul>\n<p><strong>No incluye: <\/strong>gastos no especificados en la tarifa.<\/p>\n<p>Tarifa por persona en acomodaci\u00f3n doble, triple y ni\u00f1o; sujetas a disponibilidad y a cambio sin previo aviso.<\/p>\n<p>El pago se realiza en pesos colombianos al TRM del d\u00eda en el que se realice la compra; el precio es el aproximado, esta sujeto al TMR.<\/p>\n<p>Aplican TYC Concorde Travels S.A.S<\/p>\n","protected":false},"excerpt":{"rendered":"<p>Ciudad y playa, con taza de cambio para pago en COP<\/p>\n","protected":false},"featured_media":2411,"comment_status":"open","ping_status":"closed","template":"","meta":{"_uag_custom_page_level_css":"","site-sidebar-layout":"default","site-content-layout":"","ast-site-content-layout":"default","site-content-style":"default","site-sidebar-style":"default","ast-global-header-display":"","ast-banner-title-visibility":"","ast-main-header-display":"","ast-hfb-above-header-display":"","ast-hfb-below-header-display":"","ast-hfb-mobile-header-display":"","site-post-title":"","ast-breadcrumbs-content":"","ast-featured-img":"","footer-sml-layout":"","theme-transparent-header-meta":"default","adv-header-id-meta":"","stick-header-meta":"","header-above-stick-meta":"","header-main-stick-meta":"","header-below-stick-meta":"","astra-migrate-meta-layouts":"set","ast-page-background-enabled":"default","ast-page-background-meta":{"desktop":{"background-color":"","background-image":"","background-repeat":"repeat","background-position":"center center","background-size":"auto","background-attachment":"scroll","background-type":"","background-media":"","overlay-type":"","overlay-color":"","overlay-gradient":""},"tablet":{"background-color":"","background-image":"","background-repeat":"repeat","background-position":"center center","background-size":"auto","background-attachment":"scroll","background-type":"","background-media":"","overlay-type":"","overlay-color":"","overlay-gradient":""},"mobile":{"background-color":"","background-image":"","background-repeat":"repeat","background-position":"center center","background-size":"auto","background-attachment":"scroll","background-type":"","background-media":"","overlay-type":"","overlay-color":"","overlay-gradient":""}},"ast-content-background-meta":{"desktop":{"background-color":"var(--ast-global-color-5)","background-image":"","background-repeat":"repeat","background-position":"center center","background-size":"auto","background-attachment":"scroll","background-type":"","background-media":"","overlay-type":"","overlay-color":"","overlay-gradient":""},"tablet":{"background-color":"var(--ast-global-color-5)","background-image":"","background-repeat":"repeat","background-position":"center center","background-size":"auto","background-attachment":"scroll","background-type":"","background-media":"","overlay-type":"","overlay-color":"","overlay-gradient":""},"mobile":{"background-color":"var(--ast-global-color-5)","background-image":"","background-repeat":"repeat","background-position":"center center","background-size":"auto","background-attachment":"scroll","background-type":"","background-media":"","overlay-type":"","overlay-color":"","overlay-gradient":""}}},"product_cat":[17],"product_tag":[],"uagb_featured_image_src":{"full":["https:\/\/concordeoficial.com\/travels\/wp-content\/uploads\/2024\/03\/20240408ConcordeTravelsPanama.png",1086,1350,false],"thumbnail":["https:\/\/concordeoficial.com\/travels\/wp-content\/uploads\/2024\/03\/20240408ConcordeTravelsPanama-150x150.png",150,150,true],"medium":["https:\/\/concordeoficial.com\/travels\/wp-content\/uploads\/2024\/03\/20240408ConcordeTravelsPanama-241x300.png",241,300,true],"medium_large":["https:\/\/concordeoficial.com\/travels\/wp-content\/uploads\/2024\/03\/20240408ConcordeTravelsPanama-768x955.png",768,955,true],"large":["https:\/\/concordeoficial.com\/travels\/wp-content\/uploads\/2024\/03\/20240408ConcordeTravelsPanama-824x1024.png",824,1024,true],"1536x1536":["https:\/\/concordeoficial.com\/travels\/wp-content\/uploads\/2024\/03\/20240408ConcordeTravelsPanama.png",1086,1350,false],"2048x2048":["https:\/\/concordeoficial.com\/travels\/wp-content\/uploads\/2024\/03\/20240408ConcordeTravelsPanama.png",1086,1350,false],"woocommerce_thumbnail":["https:\/\/concordeoficial.com\/travels\/wp-content\/uploads\/2024\/03\/20240408ConcordeTravelsPanama-300x300.png",300,300,true],"woocommerce_single":["https:\/\/concordeoficial.com\/travels\/wp-content\/uploads\/2024\/03\/20240408ConcordeTravelsPanama-600x746.png",600,746,true],"woocommerce_gallery_thumbnail":["https:\/\/concordeoficial.com\/travels\/wp-content\/uploads\/2024\/03\/20240408ConcordeTravelsPanama-100x100.png",100,100,true]},"uagb_author_info":{"display_name":"Mariana Cipamocha","author_link":"https:\/\/concordeoficial.com\/travels\/author\/"},"uagb_comment_info":0,"uagb_excerpt":"Ciudad y playa, con taza de cambio para pago en COP","_links":{"self":[{"href":"https:\/\/concordeoficial.com\/travels\/wp-json\/wp\/v2\/product\/2283"}],"collection":[{"href":"https:\/\/concordeoficial.com\/travels\/wp-json\/wp\/v2\/product"}],"about":[{"href":"https:\/\/concordeoficial.com\/travels\/wp-json\/wp\/v2\/types\/product"}],"replies":[{"embeddable":true,"href":"https:\/\/concordeoficial.com\/travels\/wp-json\/wp\/v2\/comments?post=2283"}],"wp:featuredmedia":[{"embeddable":true,"href":"https:\/\/concordeoficial.com\/travels\/wp-json\/wp\/v2\/media\/2411"}],"wp:attachment":[{"href":"https:\/\/concordeoficial.com\/travels\/wp-json\/wp\/v2\/media?parent=2283"}],"wp:term":[{"taxonomy":"product_cat","embeddable":true,"href":"https:\/\/concordeoficial.com\/travels\/wp-json\/wp\/v2\/product_cat?post=2283"},{"taxonomy":"product_tag","embeddable":true,"href":"https:\/\/concordeoficial.com\/travels\/wp-json\/wp\/v2\/product_tag?post=2283"}],"curies":[{"name":"wp","href":"https:\/\/api.w.org\/{rel}","templated":true}]}}