{"id":2311,"date":"2024-03-29T22:39:14","date_gmt":"2024-03-29T21:39:14","guid":{"rendered":"https:\/\/concordeoficial.com\/travels\/?post_type=product&#038;p=2311"},"modified":"2024-04-03T16:31:02","modified_gmt":"2024-04-03T14:31:02","slug":"ciudad-de-mexico","status":"publish","type":"product","link":"https:\/\/concordeoficial.com\/travels\/producto\/ciudad-de-mexico\/","title":{"rendered":"Ciudad de M\u00e9xico"},"content":{"rendered":"<p>Sum\u00e9rgete en la fascinante tradici\u00f3n del D\u00eda de Muertos en M\u00e9xico, donde la celebraci\u00f3n de la vida y la muerte se entrelazan en una fiesta llena de color, m\u00fasica y alegr\u00eda. Desde las calles adornadas con calaveras de az\u00facar hasta los altares decorados con ofrendas para los seres queridos fallecidos, esta festividad \u00fanica te invita a honrar y recordar a quienes ya no est\u00e1n con nosotros de una manera \u00fanica y conmovedora.<\/p>\n<p>Plan Incluye:<\/p>\n<ul>\n<li>Traslado de aero Benito Ju\u00e1rez- hotel- aero Benito Ju\u00e1rez<\/li>\n<li>Alojamiento 5 noches<\/li>\n<li>Desayuno diario<\/li>\n<li>Regalo especial por la festividad del d\u00eda de muertos<\/li>\n<li>Fee bancario<\/li>\n<li>Tarjeta de asistencia m\u00e9dica menores de 69 a\u00f1os<\/li>\n<li><strong>Excursiones:<\/strong> Tour Basilica de Guadalupe y Pir\u00e1mides de Teotihuac\u00e1n, Tour de Atlixco, Valle de las Catrinas, Val&#8217;Quirico &#8220;La Toscana Mexicana&#8221;, Tour de d\u00eda de muertos sin alimentos.<\/li>\n<\/ul>\n<p><strong>Itinerario:\u00a0<\/strong><\/p>\n<p><strong>D\u00eda 1.<\/strong> Llegada a la ciudad de M\u00e9xico<\/p>\n<p><strong>D\u00eda 2.<\/strong> Bas\u00edlica de Guadalupe y Teotihuac\u00e1n<\/p>\n<p><strong>D\u00eda 3.<\/strong> Atlixco &#8221; Valle de las Catrinas&#8221; y Val\u00b4Quirico &#8220;La Toscana Mexicana&#8221;<\/p>\n<p><strong>D\u00eda 4.<\/strong> D\u00eda de muesrtos en CDMX (Ofrendas monumentales y mexicraneos)<\/p>\n<p><strong>D\u00eda 5.<\/strong> D\u00eda libre en CDMX<\/p>\n<p><strong>D\u00eda 6.<\/strong> Salida de la Ciudad de M\u00e9xico<\/p>\n<p><strong>No incluye:\u00a0<\/strong>gastos no especificados en la tarifa.<\/p>\n<p>El pago se realiza en pesos colombianos al TRM del d\u00eda en el que se realice la compra; el precio es el aproximado, esta sujeto al TMR.<\/p>\n<p>Aplican TYC Concorde Travels S.A.S<\/p>\n","protected":false},"excerpt":{"rendered":"<p>Salidas en Octubre y Noviembre, precio con Taza de cambio en COP<\/p>\n","protected":false},"featured_media":2400,"comment_status":"open","ping_status":"closed","template":"","meta":{"_uag_custom_page_level_css":"","site-sidebar-layout":"default","site-content-layout":"","ast-site-content-layout":"default","site-content-style":"default","site-sidebar-style":"default","ast-global-header-display":"","ast-banner-title-visibility":"","ast-main-header-display":"","ast-hfb-above-header-display":"","ast-hfb-below-header-display":"","ast-hfb-mobile-header-display":"","site-post-title":"","ast-breadcrumbs-content":"","ast-featured-img":"","footer-sml-layout":"","theme-transparent-header-meta":"default","adv-header-id-meta":"","stick-header-meta":"","header-above-stick-meta":"","header-main-stick-meta":"","header-below-stick-meta":"","astra-migrate-meta-layouts":"set","ast-page-background-enabled":"default","ast-page-background-meta":{"desktop":{"background-color":"","background-image":"","background-repeat":"repeat","background-position":"center center","background-size":"auto","background-attachment":"scroll","background-type":"","background-media":"","overlay-type":"","overlay-color":"","overlay-gradient":""},"tablet":{"background-color":"","background-image":"","background-repeat":"repeat","background-position":"center center","background-size":"auto","background-attachment":"scroll","background-type":"","background-media":"","overlay-type":"","overlay-color":"","overlay-gradient":""},"mobile":{"background-color":"","background-image":"","background-repeat":"repeat","background-position":"center center","background-size":"auto","background-attachment":"scroll","background-type":"","background-media":"","overlay-type":"","overlay-color":"","overlay-gradient":""}},"ast-content-background-meta":{"desktop":{"background-color":"var(--ast-global-color-5)","background-image":"","background-repeat":"repeat","background-position":"center center","background-size":"auto","background-attachment":"scroll","background-type":"","background-media":"","overlay-type":"","overlay-color":"","overlay-gradient":""},"tablet":{"background-color":"var(--ast-global-color-5)","background-image":"","background-repeat":"repeat","background-position":"center center","background-size":"auto","background-attachment":"scroll","background-type":"","background-media":"","overlay-type":"","overlay-color":"","overlay-gradient":""},"mobile":{"background-color":"var(--ast-global-color-5)","background-image":"","background-repeat":"repeat","background-position":"center center","background-size":"auto","background-attachment":"scroll","background-type":"","background-media":"","overlay-type":"","overlay-color":"","overlay-gradient":""}}},"product_cat":[17],"product_tag":[],"uagb_featured_image_src":{"full":["https:\/\/concordeoficial.com\/travels\/wp-content\/uploads\/2024\/03\/20240404ConcordeTravelsCiudaddeMexico.png",1087,1351,false],"thumbnail":["https:\/\/concordeoficial.com\/travels\/wp-content\/uploads\/2024\/03\/20240404ConcordeTravelsCiudaddeMexico-150x150.png",150,150,true],"medium":["https:\/\/concordeoficial.com\/travels\/wp-content\/uploads\/2024\/03\/20240404ConcordeTravelsCiudaddeMexico-241x300.png",241,300,true],"medium_large":["https:\/\/concordeoficial.com\/travels\/wp-content\/uploads\/2024\/03\/20240404ConcordeTravelsCiudaddeMexico-768x955.png",768,955,true],"large":["https:\/\/concordeoficial.com\/travels\/wp-content\/uploads\/2024\/03\/20240404ConcordeTravelsCiudaddeMexico-824x1024.png",824,1024,true],"1536x1536":["https:\/\/concordeoficial.com\/travels\/wp-content\/uploads\/2024\/03\/20240404ConcordeTravelsCiudaddeMexico.png",1087,1351,false],"2048x2048":["https:\/\/concordeoficial.com\/travels\/wp-content\/uploads\/2024\/03\/20240404ConcordeTravelsCiudaddeMexico.png",1087,1351,false],"woocommerce_thumbnail":["https:\/\/concordeoficial.com\/travels\/wp-content\/uploads\/2024\/03\/20240404ConcordeTravelsCiudaddeMexico-300x300.png",300,300,true],"woocommerce_single":["https:\/\/concordeoficial.com\/travels\/wp-content\/uploads\/2024\/03\/20240404ConcordeTravelsCiudaddeMexico-600x746.png",600,746,true],"woocommerce_gallery_thumbnail":["https:\/\/concordeoficial.com\/travels\/wp-content\/uploads\/2024\/03\/20240404ConcordeTravelsCiudaddeMexico-100x100.png",100,100,true]},"uagb_author_info":{"display_name":"Mariana Cipamocha","author_link":"https:\/\/concordeoficial.com\/travels\/author\/"},"uagb_comment_info":0,"uagb_excerpt":"Salidas en Octubre y Noviembre, precio con Taza de cambio en COP","_links":{"self":[{"href":"https:\/\/concordeoficial.com\/travels\/wp-json\/wp\/v2\/product\/2311"}],"collection":[{"href":"https:\/\/concordeoficial.com\/travels\/wp-json\/wp\/v2\/product"}],"about":[{"href":"https:\/\/concordeoficial.com\/travels\/wp-json\/wp\/v2\/types\/product"}],"replies":[{"embeddable":true,"href":"https:\/\/concordeoficial.com\/travels\/wp-json\/wp\/v2\/comments?post=2311"}],"wp:featuredmedia":[{"embeddable":true,"href":"https:\/\/concordeoficial.com\/travels\/wp-json\/wp\/v2\/media\/2400"}],"wp:attachment":[{"href":"https:\/\/concordeoficial.com\/travels\/wp-json\/wp\/v2\/media?parent=2311"}],"wp:term":[{"taxonomy":"product_cat","embeddable":true,"href":"https:\/\/concordeoficial.com\/travels\/wp-json\/wp\/v2\/product_cat?post=2311"},{"taxonomy":"product_tag","embeddable":true,"href":"https:\/\/concordeoficial.com\/travels\/wp-json\/wp\/v2\/product_tag?post=2311"}],"curies":[{"name":"wp","href":"https:\/\/api.w.org\/{rel}","templated":true}]}}