{"id":2328,"date":"2024-03-29T23:42:43","date_gmt":"2024-03-29T22:42:43","guid":{"rendered":"https:\/\/concordeoficial.com\/travels\/?post_type=product&#038;p=2328"},"modified":"2024-08-09T21:26:03","modified_gmt":"2024-08-09T19:26:03","slug":"escapada-a-europa","status":"publish","type":"product","link":"https:\/\/concordeoficial.com\/travels\/producto\/escapada-a-europa\/","title":{"rendered":"Escapada a Europa"},"content":{"rendered":"<p>\u00a1Emb\u00e1rcate en un emocionante tour por Europa y descubre la grandeza de sus ciudades m\u00e1s ic\u00f3nicas. Disfruta de los paisajes impresionantes, la rica cultura y la deliciosa gastronom\u00eda que Europa tiene para ofrecer en este tour inolvidable!<\/p>\n<p>Madrid, Burdeos, Par\u00eds, Lucerna, Z\u00farich, Verona, Venecia, Roma, Florencia, Costa azul, Barcelona, Zaragoza, Pisa, Blois<\/p>\n<p>Salidas garantizadas, 17 d\u00edas- 15 noches. Incluye:<\/p>\n<ul>\n<li>Tiquete a\u00e9reo<\/li>\n<li>Maleta 20 kilos<\/li>\n<li>Traslado de llegada y salida<\/li>\n<li>Gu\u00eda acompa\u00f1ante durante todo el recorrido<\/li>\n<li>Desayuno diario<\/li>\n<li>Autocar de lujo<\/li>\n<li>Audiogu\u00eda<\/li>\n<li>Tarjeta de asistencia con cobertura de USD 70.000 por evento.<\/li>\n<li>Fee bancario<\/li>\n<li>Visitas panor\u00e1micas en Madrid, Par\u00eds, Venecia, Roma y Florencia.<\/li>\n<\/ul>\n<p>Salida desde Bogot\u00e1 o Cartagena (180.000 adicional por persona)<\/p>\n<p><strong>NO INLCUYE:<\/strong> tours, gastos no espec\u00edficos en la tarifa.<\/p>\n<p>El pago se realiza en pesos colombianos al TRM del d\u00eda en el que se realice la compra; el precio es el aproximado, esta sujeto al TMR.<\/p>\n<p>Aplican TYC Concorde Travels S.A.S<\/p>\n","protected":false},"excerpt":{"rendered":"<p>Salidas garantizadas, 17 d\u00edas- 15 noches<\/p>\n","protected":false},"featured_media":2335,"comment_status":"open","ping_status":"closed","template":"","meta":{"_uag_custom_page_level_css":"","site-sidebar-layout":"default","site-content-layout":"","ast-site-content-layout":"default","site-content-style":"default","site-sidebar-style":"default","ast-global-header-display":"","ast-banner-title-visibility":"","ast-main-header-display":"","ast-hfb-above-header-display":"","ast-hfb-below-header-display":"","ast-hfb-mobile-header-display":"","site-post-title":"","ast-breadcrumbs-content":"","ast-featured-img":"","footer-sml-layout":"","theme-transparent-header-meta":"default","adv-header-id-meta":"","stick-header-meta":"","header-above-stick-meta":"","header-main-stick-meta":"","header-below-stick-meta":"","astra-migrate-meta-layouts":"set","ast-page-background-enabled":"default","ast-page-background-meta":{"desktop":{"background-color":"","background-image":"","background-repeat":"repeat","background-position":"center center","background-size":"auto","background-attachment":"scroll","background-type":"","background-media":"","overlay-type":"","overlay-color":"","overlay-gradient":""},"tablet":{"background-color":"","background-image":"","background-repeat":"repeat","background-position":"center center","background-size":"auto","background-attachment":"scroll","background-type":"","background-media":"","overlay-type":"","overlay-color":"","overlay-gradient":""},"mobile":{"background-color":"","background-image":"","background-repeat":"repeat","background-position":"center center","background-size":"auto","background-attachment":"scroll","background-type":"","background-media":"","overlay-type":"","overlay-color":"","overlay-gradient":""}},"ast-content-background-meta":{"desktop":{"background-color":"var(--ast-global-color-5)","background-image":"","background-repeat":"repeat","background-position":"center center","background-size":"auto","background-attachment":"scroll","background-type":"","background-media":"","overlay-type":"","overlay-color":"","overlay-gradient":""},"tablet":{"background-color":"var(--ast-global-color-5)","background-image":"","background-repeat":"repeat","background-position":"center center","background-size":"auto","background-attachment":"scroll","background-type":"","background-media":"","overlay-type":"","overlay-color":"","overlay-gradient":""},"mobile":{"background-color":"var(--ast-global-color-5)","background-image":"","background-repeat":"repeat","background-position":"center center","background-size":"auto","background-attachment":"scroll","background-type":"","background-media":"","overlay-type":"","overlay-color":"","overlay-gradient":""}}},"product_cat":[17],"product_tag":[],"uagb_featured_image_src":{"full":["https:\/\/concordeoficial.com\/travels\/wp-content\/uploads\/2024\/03\/20240329ConcordeTravelsEuropa.png",1087,1354,false],"thumbnail":["https:\/\/concordeoficial.com\/travels\/wp-content\/uploads\/2024\/03\/20240329ConcordeTravelsEuropa-150x150.png",150,150,true],"medium":["https:\/\/concordeoficial.com\/travels\/wp-content\/uploads\/2024\/03\/20240329ConcordeTravelsEuropa-241x300.png",241,300,true],"medium_large":["https:\/\/concordeoficial.com\/travels\/wp-content\/uploads\/2024\/03\/20240329ConcordeTravelsEuropa-768x957.png",768,957,true],"large":["https:\/\/concordeoficial.com\/travels\/wp-content\/uploads\/2024\/03\/20240329ConcordeTravelsEuropa-822x1024.png",822,1024,true],"1536x1536":["https:\/\/concordeoficial.com\/travels\/wp-content\/uploads\/2024\/03\/20240329ConcordeTravelsEuropa.png",1087,1354,false],"2048x2048":["https:\/\/concordeoficial.com\/travels\/wp-content\/uploads\/2024\/03\/20240329ConcordeTravelsEuropa.png",1087,1354,false],"woocommerce_thumbnail":["https:\/\/concordeoficial.com\/travels\/wp-content\/uploads\/2024\/03\/20240329ConcordeTravelsEuropa-300x300.png",300,300,true],"woocommerce_single":["https:\/\/concordeoficial.com\/travels\/wp-content\/uploads\/2024\/03\/20240329ConcordeTravelsEuropa-600x747.png",600,747,true],"woocommerce_gallery_thumbnail":["https:\/\/concordeoficial.com\/travels\/wp-content\/uploads\/2024\/03\/20240329ConcordeTravelsEuropa-100x100.png",100,100,true]},"uagb_author_info":{"display_name":"Mariana Cipamocha","author_link":"https:\/\/concordeoficial.com\/travels\/author\/"},"uagb_comment_info":1,"uagb_excerpt":"Salidas garantizadas, 17 d\u00edas- 15 noches","_links":{"self":[{"href":"https:\/\/concordeoficial.com\/travels\/wp-json\/wp\/v2\/product\/2328"}],"collection":[{"href":"https:\/\/concordeoficial.com\/travels\/wp-json\/wp\/v2\/product"}],"about":[{"href":"https:\/\/concordeoficial.com\/travels\/wp-json\/wp\/v2\/types\/product"}],"replies":[{"embeddable":true,"href":"https:\/\/concordeoficial.com\/travels\/wp-json\/wp\/v2\/comments?post=2328"}],"wp:featuredmedia":[{"embeddable":true,"href":"https:\/\/concordeoficial.com\/travels\/wp-json\/wp\/v2\/media\/2335"}],"wp:attachment":[{"href":"https:\/\/concordeoficial.com\/travels\/wp-json\/wp\/v2\/media?parent=2328"}],"wp:term":[{"taxonomy":"product_cat","embeddable":true,"href":"https:\/\/concordeoficial.com\/travels\/wp-json\/wp\/v2\/product_cat?post=2328"},{"taxonomy":"product_tag","embeddable":true,"href":"https:\/\/concordeoficial.com\/travels\/wp-json\/wp\/v2\/product_tag?post=2328"}],"curies":[{"name":"wp","href":"https:\/\/api.w.org\/{rel}","templated":true}]}}