{"id":2355,"date":"2024-04-02T20:13:11","date_gmt":"2024-04-02T18:13:11","guid":{"rendered":"https:\/\/concordeoficial.com\/travels\/?post_type=product&#038;p=2355"},"modified":"2024-04-02T20:13:11","modified_gmt":"2024-04-02T18:13:11","slug":"encanto-del-valle-sagrado","status":"publish","type":"product","link":"https:\/\/concordeoficial.com\/travels\/producto\/encanto-del-valle-sagrado\/","title":{"rendered":"\u00a1Encanto del Valle Sagrado!"},"content":{"rendered":"<p>\u00a140% de descuento en el segundo pasajero!, Precio para segundo pasajero desde 1190 usd<\/p>\n<p>Inlcuye:<\/p>\n<ul>\n<li>Tiquete a\u00e9reo Bogot\u00e1, Lima, Cusco, Bogot\u00e1<\/li>\n<li>Alojamiento 2 noches en Lima, 2 noches en Valle Sagrado, 2 noches en Cusco<\/li>\n<li>Maleta cabina de 10 kg<\/li>\n<li>Alimentaci\u00f3n, desayunos diarios<\/li>\n<li>Traslados (aero-hotel\/hotel-aereo) servicio compartido<\/li>\n<li>Tarjeta de asistencia m\u00e9dica para menores de 69 a\u00f1os<\/li>\n<\/ul>\n<p>Excursiones:<\/p>\n<ul>\n<li>Visita de la ciudad de Lima<\/li>\n<li>Visita al Valle Sagrado<\/li>\n<li>Visita de la ciudad de Cusco<\/li>\n<li>Visita a Machu Pichu con ticket de tren Voyager y almuerzo<\/li>\n<\/ul>\n<p>No inlcuye servicios de alimentaci\u00f3n no mencionados, 3% de fee bancario, Aplican TyC Concorde Travels S.A.S.<\/p>\n","protected":false},"excerpt":{"rendered":"<p>Lima, Cusco, Valle Sagrado, Macgu Pichu, 7 d\u00edas 6 noches<\/p>\n","protected":false},"featured_media":2356,"comment_status":"open","ping_status":"closed","template":"","meta":{"_uag_custom_page_level_css":"","site-sidebar-layout":"default","site-content-layout":"","ast-site-content-layout":"default","site-content-style":"default","site-sidebar-style":"default","ast-global-header-display":"","ast-banner-title-visibility":"","ast-main-header-display":"","ast-hfb-above-header-display":"","ast-hfb-below-header-display":"","ast-hfb-mobile-header-display":"","site-post-title":"","ast-breadcrumbs-content":"","ast-featured-img":"","footer-sml-layout":"","theme-transparent-header-meta":"default","adv-header-id-meta":"","stick-header-meta":"","header-above-stick-meta":"","header-main-stick-meta":"","header-below-stick-meta":"","astra-migrate-meta-layouts":"set","ast-page-background-enabled":"default","ast-page-background-meta":{"desktop":{"background-color":"","background-image":"","background-repeat":"repeat","background-position":"center center","background-size":"auto","background-attachment":"scroll","background-type":"","background-media":"","overlay-type":"","overlay-color":"","overlay-gradient":""},"tablet":{"background-color":"","background-image":"","background-repeat":"repeat","background-position":"center center","background-size":"auto","background-attachment":"scroll","background-type":"","background-media":"","overlay-type":"","overlay-color":"","overlay-gradient":""},"mobile":{"background-color":"","background-image":"","background-repeat":"repeat","background-position":"center center","background-size":"auto","background-attachment":"scroll","background-type":"","background-media":"","overlay-type":"","overlay-color":"","overlay-gradient":""}},"ast-content-background-meta":{"desktop":{"background-color":"var(--ast-global-color-5)","background-image":"","background-repeat":"repeat","background-position":"center center","background-size":"auto","background-attachment":"scroll","background-type":"","background-media":"","overlay-type":"","overlay-color":"","overlay-gradient":""},"tablet":{"background-color":"var(--ast-global-color-5)","background-image":"","background-repeat":"repeat","background-position":"center center","background-size":"auto","background-attachment":"scroll","background-type":"","background-media":"","overlay-type":"","overlay-color":"","overlay-gradient":""},"mobile":{"background-color":"var(--ast-global-color-5)","background-image":"","background-repeat":"repeat","background-position":"center center","background-size":"auto","background-attachment":"scroll","background-type":"","background-media":"","overlay-type":"","overlay-color":"","overlay-gradient":""}}},"product_cat":[17],"product_tag":[],"uagb_featured_image_src":{"full":["https:\/\/concordeoficial.com\/travels\/wp-content\/uploads\/2024\/04\/20240321ConcordeTravelsPeru.png",1081,1351,false],"thumbnail":["https:\/\/concordeoficial.com\/travels\/wp-content\/uploads\/2024\/04\/20240321ConcordeTravelsPeru-150x150.png",150,150,true],"medium":["https:\/\/concordeoficial.com\/travels\/wp-content\/uploads\/2024\/04\/20240321ConcordeTravelsPeru-240x300.png",240,300,true],"medium_large":["https:\/\/concordeoficial.com\/travels\/wp-content\/uploads\/2024\/04\/20240321ConcordeTravelsPeru-768x960.png",768,960,true],"large":["https:\/\/concordeoficial.com\/travels\/wp-content\/uploads\/2024\/04\/20240321ConcordeTravelsPeru-819x1024.png",819,1024,true],"1536x1536":["https:\/\/concordeoficial.com\/travels\/wp-content\/uploads\/2024\/04\/20240321ConcordeTravelsPeru.png",1081,1351,false],"2048x2048":["https:\/\/concordeoficial.com\/travels\/wp-content\/uploads\/2024\/04\/20240321ConcordeTravelsPeru.png",1081,1351,false],"woocommerce_thumbnail":["https:\/\/concordeoficial.com\/travels\/wp-content\/uploads\/2024\/04\/20240321ConcordeTravelsPeru-300x300.png",300,300,true],"woocommerce_single":["https:\/\/concordeoficial.com\/travels\/wp-content\/uploads\/2024\/04\/20240321ConcordeTravelsPeru-600x750.png",600,750,true],"woocommerce_gallery_thumbnail":["https:\/\/concordeoficial.com\/travels\/wp-content\/uploads\/2024\/04\/20240321ConcordeTravelsPeru-100x100.png",100,100,true]},"uagb_author_info":{"display_name":"concorde.2021.s","author_link":"https:\/\/concordeoficial.com\/travels\/author\/"},"uagb_comment_info":0,"uagb_excerpt":"Lima, Cusco, Valle Sagrado, Macgu Pichu, 7 d\u00edas 6 noches","_links":{"self":[{"href":"https:\/\/concordeoficial.com\/travels\/wp-json\/wp\/v2\/product\/2355"}],"collection":[{"href":"https:\/\/concordeoficial.com\/travels\/wp-json\/wp\/v2\/product"}],"about":[{"href":"https:\/\/concordeoficial.com\/travels\/wp-json\/wp\/v2\/types\/product"}],"replies":[{"embeddable":true,"href":"https:\/\/concordeoficial.com\/travels\/wp-json\/wp\/v2\/comments?post=2355"}],"wp:featuredmedia":[{"embeddable":true,"href":"https:\/\/concordeoficial.com\/travels\/wp-json\/wp\/v2\/media\/2356"}],"wp:attachment":[{"href":"https:\/\/concordeoficial.com\/travels\/wp-json\/wp\/v2\/media?parent=2355"}],"wp:term":[{"taxonomy":"product_cat","embeddable":true,"href":"https:\/\/concordeoficial.com\/travels\/wp-json\/wp\/v2\/product_cat?post=2355"},{"taxonomy":"product_tag","embeddable":true,"href":"https:\/\/concordeoficial.com\/travels\/wp-json\/wp\/v2\/product_tag?post=2355"}],"curies":[{"name":"wp","href":"https:\/\/api.w.org\/{rel}","templated":true}]}}